{"id":169,"date":"2017-10-16T17:48:43","date_gmt":"2017-10-16T15:48:43","guid":{"rendered":"http:\/\/www.terredardenne.be\/?page_id=169"},"modified":"2018-05-17T17:07:57","modified_gmt":"2018-05-17T15:07:57","slug":"homepage","status":"publish","type":"page","link":"https:\/\/www.terredardenne.be\/de\/","title":{"rendered":"Homepage"},"content":{"rendered":"","protected":false},"excerpt":{"rendered":"","protected":false},"author":7,"featured_media":0,"parent":0,"menu_order":0,"comment_status":"closed","ping_status":"open","template":"page-home.php","meta":{"_acf_changed":false,"inline_featured_image":false,"_exactmetrics_skip_tracking":false,"_exactmetrics_sitenote_active":false,"_exactmetrics_sitenote_note":"","_exactmetrics_sitenote_category":0,"footnotes":""},"class_list":["post-169","page","type-page","status-publish","hentry"],"acf":[],"yoast_head":"<!-- This site is optimized with the Yoast SEO plugin v27.3 - https:\/\/yoast.com\/product\/yoast-seo-wordpress\/ -->\n<title>Terre d&#039;Ardenne &#8211; Luxusunterk\u00fcnfte in den Ardennen<\/title>\n<meta name=\"description\" content=\"Ob mit der Familie, Freunden oder Kollegen \u2013 genie\u00dfen Sie einen Aufenthalt in luxuri\u00f6sem Rahmen in der N\u00e4he der Seen von Robertville und B\u00fctgenbach, der Burg Reinhardstein, der St\u00e4dte Malmedy, Stavelot und Spa und dessen ber\u00fchmter Rennstrecke.\" \/>\n<meta name=\"robots\" content=\"index, follow, max-snippet:-1, max-image-preview:large, max-video-preview:-1\" \/>\n<link rel=\"canonical\" href=\"https:\/\/www.terredardenne.be\/de\/\" \/>\n<meta property=\"og:locale\" content=\"de_DE\" \/>\n<meta property=\"og:type\" content=\"article\" \/>\n<meta property=\"og:title\" content=\"Terre d&#039;Ardenne &#8211; Luxusunterk\u00fcnfte in den Ardennen\" \/>\n<meta property=\"og:description\" content=\"Ob mit der Familie, Freunden oder Kollegen \u2013 genie\u00dfen Sie einen Aufenthalt in luxuri\u00f6sem Rahmen in der N\u00e4he der Seen von Robertville und B\u00fctgenbach, der Burg Reinhardstein, der St\u00e4dte Malmedy, Stavelot und Spa und dessen ber\u00fchmter Rennstrecke.\" \/>\n<meta property=\"og:url\" content=\"https:\/\/www.terredardenne.be\/de\/\" \/>\n<meta property=\"og:site_name\" content=\"Terre d&#039;Ardenne\" \/>\n<meta property=\"article:modified_time\" content=\"2018-05-17T15:07:57+00:00\" \/>\n<meta name=\"twitter:card\" content=\"summary_large_image\" \/>\n<script type=\"application\/ld+json\" class=\"yoast-schema-graph\">{\"@context\":\"https:\\\/\\\/schema.org\",\"@graph\":[{\"@type\":\"WebPage\",\"@id\":\"https:\\\/\\\/www.terredardenne.be\\\/de\\\/\",\"url\":\"https:\\\/\\\/www.terredardenne.be\\\/de\\\/\",\"name\":\"Terre d&#039;Ardenne &#8211; Luxusunterk\u00fcnfte in den Ardennen\",\"isPartOf\":{\"@id\":\"https:\\\/\\\/www.terredardenne.be\\\/#website\"},\"datePublished\":\"2017-10-16T15:48:43+00:00\",\"dateModified\":\"2018-05-17T15:07:57+00:00\",\"description\":\"Ob mit der Familie, Freunden oder Kollegen \u2013 genie\u00dfen Sie einen Aufenthalt in luxuri\u00f6sem Rahmen in der N\u00e4he der Seen von Robertville und B\u00fctgenbach, der Burg Reinhardstein, der St\u00e4dte Malmedy, Stavelot und Spa und dessen ber\u00fchmter Rennstrecke.\",\"breadcrumb\":{\"@id\":\"https:\\\/\\\/www.terredardenne.be\\\/de\\\/#breadcrumb\"},\"inLanguage\":\"de\",\"potentialAction\":[{\"@type\":\"ReadAction\",\"target\":[\"https:\\\/\\\/www.terredardenne.be\\\/de\\\/\"]}]},{\"@type\":\"BreadcrumbList\",\"@id\":\"https:\\\/\\\/www.terredardenne.be\\\/de\\\/#breadcrumb\",\"itemListElement\":[{\"@type\":\"ListItem\",\"position\":1,\"name\":\"Accueil\",\"item\":\"https:\\\/\\\/www.terredardenne.be\\\/de\\\/\"},{\"@type\":\"ListItem\",\"position\":2,\"name\":\"Homepage\"}]},{\"@type\":\"WebSite\",\"@id\":\"https:\\\/\\\/www.terredardenne.be\\\/#website\",\"url\":\"https:\\\/\\\/www.terredardenne.be\\\/\",\"name\":\"Terre d&#039;Ardenne\",\"description\":\"G\u00eetes de luxe en Ardenne\",\"potentialAction\":[{\"@type\":\"SearchAction\",\"target\":{\"@type\":\"EntryPoint\",\"urlTemplate\":\"https:\\\/\\\/www.terredardenne.be\\\/?s={search_term_string}\"},\"query-input\":{\"@type\":\"PropertyValueSpecification\",\"valueRequired\":true,\"valueName\":\"search_term_string\"}}],\"inLanguage\":\"de\"}]}<\/script>\n<!-- \/ Yoast SEO plugin. -->","yoast_head_json":{"title":"Terre d&#039;Ardenne &#8211; Luxusunterk\u00fcnfte in den Ardennen","description":"Ob mit der Familie, Freunden oder Kollegen \u2013 genie\u00dfen Sie einen Aufenthalt in luxuri\u00f6sem Rahmen in der N\u00e4he der Seen von Robertville und B\u00fctgenbach, der Burg Reinhardstein, der St\u00e4dte Malmedy, Stavelot und Spa und dessen ber\u00fchmter Rennstrecke.","robots":{"index":"index","follow":"follow","max-snippet":"max-snippet:-1","max-image-preview":"max-image-preview:large","max-video-preview":"max-video-preview:-1"},"canonical":"https:\/\/www.terredardenne.be\/de\/","og_locale":"de_DE","og_type":"article","og_title":"Terre d&#039;Ardenne &#8211; Luxusunterk\u00fcnfte in den Ardennen","og_description":"Ob mit der Familie, Freunden oder Kollegen \u2013 genie\u00dfen Sie einen Aufenthalt in luxuri\u00f6sem Rahmen in der N\u00e4he der Seen von Robertville und B\u00fctgenbach, der Burg Reinhardstein, der St\u00e4dte Malmedy, Stavelot und Spa und dessen ber\u00fchmter Rennstrecke.","og_url":"https:\/\/www.terredardenne.be\/de\/","og_site_name":"Terre d&#039;Ardenne","article_modified_time":"2018-05-17T15:07:57+00:00","twitter_card":"summary_large_image","schema":{"@context":"https:\/\/schema.org","@graph":[{"@type":"WebPage","@id":"https:\/\/www.terredardenne.be\/de\/","url":"https:\/\/www.terredardenne.be\/de\/","name":"Terre d&#039;Ardenne &#8211; Luxusunterk\u00fcnfte in den Ardennen","isPartOf":{"@id":"https:\/\/www.terredardenne.be\/#website"},"datePublished":"2017-10-16T15:48:43+00:00","dateModified":"2018-05-17T15:07:57+00:00","description":"Ob mit der Familie, Freunden oder Kollegen \u2013 genie\u00dfen Sie einen Aufenthalt in luxuri\u00f6sem Rahmen in der N\u00e4he der Seen von Robertville und B\u00fctgenbach, der Burg Reinhardstein, der St\u00e4dte Malmedy, Stavelot und Spa und dessen ber\u00fchmter Rennstrecke.","breadcrumb":{"@id":"https:\/\/www.terredardenne.be\/de\/#breadcrumb"},"inLanguage":"de","potentialAction":[{"@type":"ReadAction","target":["https:\/\/www.terredardenne.be\/de\/"]}]},{"@type":"BreadcrumbList","@id":"https:\/\/www.terredardenne.be\/de\/#breadcrumb","itemListElement":[{"@type":"ListItem","position":1,"name":"Accueil","item":"https:\/\/www.terredardenne.be\/de\/"},{"@type":"ListItem","position":2,"name":"Homepage"}]},{"@type":"WebSite","@id":"https:\/\/www.terredardenne.be\/#website","url":"https:\/\/www.terredardenne.be\/","name":"Terre d&#039;Ardenne","description":"G\u00eetes de luxe en Ardenne","potentialAction":[{"@type":"SearchAction","target":{"@type":"EntryPoint","urlTemplate":"https:\/\/www.terredardenne.be\/?s={search_term_string}"},"query-input":{"@type":"PropertyValueSpecification","valueRequired":true,"valueName":"search_term_string"}}],"inLanguage":"de"}]}},"_links":{"self":[{"href":"https:\/\/www.terredardenne.be\/de\/wp-json\/wp\/v2\/pages\/169","targetHints":{"allow":["GET"]}}],"collection":[{"href":"https:\/\/www.terredardenne.be\/de\/wp-json\/wp\/v2\/pages"}],"about":[{"href":"https:\/\/www.terredardenne.be\/de\/wp-json\/wp\/v2\/types\/page"}],"author":[{"embeddable":true,"href":"https:\/\/www.terredardenne.be\/de\/wp-json\/wp\/v2\/users\/7"}],"replies":[{"embeddable":true,"href":"https:\/\/www.terredardenne.be\/de\/wp-json\/wp\/v2\/comments?post=169"}],"version-history":[{"count":4,"href":"https:\/\/www.terredardenne.be\/de\/wp-json\/wp\/v2\/pages\/169\/revisions"}],"predecessor-version":[{"id":624,"href":"https:\/\/www.terredardenne.be\/de\/wp-json\/wp\/v2\/pages\/169\/revisions\/624"}],"wp:attachment":[{"href":"https:\/\/www.terredardenne.be\/de\/wp-json\/wp\/v2\/media?parent=169"}],"curies":[{"name":"wp","href":"https:\/\/api.w.org\/{rel}","templated":true}]}}