{"id":195,"date":"2017-10-17T10:53:13","date_gmt":"2017-10-17T08:53:13","guid":{"rendered":"http:\/\/www.terredardenne.be\/?page_id=195"},"modified":"2018-02-06T15:59:24","modified_gmt":"2018-02-06T14:59:24","slug":"region","status":"publish","type":"page","link":"https:\/\/www.terredardenne.be\/de\/region\/","title":{"rendered":"Region"},"content":{"rendered":"","protected":false},"excerpt":{"rendered":"","protected":false},"author":7,"featured_media":86,"parent":0,"menu_order":0,"comment_status":"closed","ping_status":"closed","template":"page-region.php","meta":{"_acf_changed":false,"inline_featured_image":false,"_exactmetrics_skip_tracking":false,"_exactmetrics_sitenote_active":false,"_exactmetrics_sitenote_note":"","_exactmetrics_sitenote_category":0,"footnotes":""},"class_list":["post-195","page","type-page","status-publish","has-post-thumbnail","hentry"],"acf":[],"yoast_head":"<!-- This site is optimized with the Yoast SEO plugin v27.3 - https:\/\/yoast.com\/product\/yoast-seo-wordpress\/ -->\n<title>Die Region und ihre Sehensw\u00fcrdigkeiten &#8211; Terre d&#039;Ardenne<\/title>\n<meta name=\"description\" content=\"Im Herzen des Hohen Venn gelegen, erf\u00fcllt die Region alle W\u00fcnsche f\u00fcr Liebhaber von Entspannung und Spazierg\u00e4ngen. Die in n\u00e4chster N\u00e4he gelegenen Tourismuszentren wie Malmedy, Spa oder auch Monschau sind reich an Legenden und werden Sie mit ihren zahlreichen Aktivit\u00e4ten und Sehensw\u00fcrdigkeiten bestimmt verf\u00fchren.\" \/>\n<meta name=\"robots\" content=\"index, follow, max-snippet:-1, max-image-preview:large, max-video-preview:-1\" \/>\n<link rel=\"canonical\" href=\"https:\/\/www.terredardenne.be\/de\/region\/\" \/>\n<meta property=\"og:locale\" content=\"de_DE\" \/>\n<meta property=\"og:type\" content=\"article\" \/>\n<meta property=\"og:title\" content=\"Die Region und ihre Sehensw\u00fcrdigkeiten &#8211; Terre d&#039;Ardenne\" \/>\n<meta property=\"og:description\" content=\"Im Herzen des Hohen Venn gelegen, erf\u00fcllt die Region alle W\u00fcnsche f\u00fcr Liebhaber von Entspannung und Spazierg\u00e4ngen. Die in n\u00e4chster N\u00e4he gelegenen Tourismuszentren wie Malmedy, Spa oder auch Monschau sind reich an Legenden und werden Sie mit ihren zahlreichen Aktivit\u00e4ten und Sehensw\u00fcrdigkeiten bestimmt verf\u00fchren.\" \/>\n<meta property=\"og:url\" content=\"https:\/\/www.terredardenne.be\/de\/region\/\" \/>\n<meta property=\"og:site_name\" content=\"Terre d&#039;Ardenne\" \/>\n<meta property=\"article:modified_time\" content=\"2018-02-06T14:59:24+00:00\" \/>\n<meta property=\"og:image\" content=\"https:\/\/www.terredardenne.be\/wp-content\/uploads\/2017\/10\/holzheim-velotour-03-c-eastbelgium.com-dominik-ketz-1024x683.jpg\" \/>\n\t<meta property=\"og:image:width\" content=\"1024\" \/>\n\t<meta property=\"og:image:height\" content=\"683\" \/>\n\t<meta property=\"og:image:type\" content=\"image\/jpeg\" \/>\n<meta name=\"twitter:card\" content=\"summary_large_image\" \/>\n<script type=\"application\/ld+json\" class=\"yoast-schema-graph\">{\"@context\":\"https:\\\/\\\/schema.org\",\"@graph\":[{\"@type\":\"WebPage\",\"@id\":\"https:\\\/\\\/www.terredardenne.be\\\/de\\\/region\\\/\",\"url\":\"https:\\\/\\\/www.terredardenne.be\\\/de\\\/region\\\/\",\"name\":\"Die Region und ihre Sehensw\u00fcrdigkeiten &#8211; Terre d&#039;Ardenne\",\"isPartOf\":{\"@id\":\"https:\\\/\\\/www.terredardenne.be\\\/#website\"},\"primaryImageOfPage\":{\"@id\":\"https:\\\/\\\/www.terredardenne.be\\\/de\\\/region\\\/#primaryimage\"},\"image\":{\"@id\":\"https:\\\/\\\/www.terredardenne.be\\\/de\\\/region\\\/#primaryimage\"},\"thumbnailUrl\":\"https:\\\/\\\/www.terredardenne.be\\\/wp-content\\\/uploads\\\/2017\\\/10\\\/holzheim-velotour-03-c-eastbelgium.com-dominik-ketz.jpg\",\"datePublished\":\"2017-10-17T08:53:13+00:00\",\"dateModified\":\"2018-02-06T14:59:24+00:00\",\"description\":\"Im Herzen des Hohen Venn gelegen, erf\u00fcllt die Region alle W\u00fcnsche f\u00fcr Liebhaber von Entspannung und Spazierg\u00e4ngen. Die in n\u00e4chster N\u00e4he gelegenen Tourismuszentren wie Malmedy, Spa oder auch Monschau sind reich an Legenden und werden Sie mit ihren zahlreichen Aktivit\u00e4ten und Sehensw\u00fcrdigkeiten bestimmt verf\u00fchren.\",\"breadcrumb\":{\"@id\":\"https:\\\/\\\/www.terredardenne.be\\\/de\\\/region\\\/#breadcrumb\"},\"inLanguage\":\"de\",\"potentialAction\":[{\"@type\":\"ReadAction\",\"target\":[\"https:\\\/\\\/www.terredardenne.be\\\/de\\\/region\\\/\"]}]},{\"@type\":\"ImageObject\",\"inLanguage\":\"de\",\"@id\":\"https:\\\/\\\/www.terredardenne.be\\\/de\\\/region\\\/#primaryimage\",\"url\":\"https:\\\/\\\/www.terredardenne.be\\\/wp-content\\\/uploads\\\/2017\\\/10\\\/holzheim-velotour-03-c-eastbelgium.com-dominik-ketz.jpg\",\"contentUrl\":\"https:\\\/\\\/www.terredardenne.be\\\/wp-content\\\/uploads\\\/2017\\\/10\\\/holzheim-velotour-03-c-eastbelgium.com-dominik-ketz.jpg\",\"width\":1920,\"height\":1281,\"caption\":\"eastbelgium.com Dominik Ketz\"},{\"@type\":\"BreadcrumbList\",\"@id\":\"https:\\\/\\\/www.terredardenne.be\\\/de\\\/region\\\/#breadcrumb\",\"itemListElement\":[{\"@type\":\"ListItem\",\"position\":1,\"name\":\"Accueil\",\"item\":\"https:\\\/\\\/www.terredardenne.be\\\/de\\\/\"},{\"@type\":\"ListItem\",\"position\":2,\"name\":\"Region\"}]},{\"@type\":\"WebSite\",\"@id\":\"https:\\\/\\\/www.terredardenne.be\\\/#website\",\"url\":\"https:\\\/\\\/www.terredardenne.be\\\/\",\"name\":\"Terre d&#039;Ardenne\",\"description\":\"G\u00eetes de luxe en Ardenne\",\"potentialAction\":[{\"@type\":\"SearchAction\",\"target\":{\"@type\":\"EntryPoint\",\"urlTemplate\":\"https:\\\/\\\/www.terredardenne.be\\\/?s={search_term_string}\"},\"query-input\":{\"@type\":\"PropertyValueSpecification\",\"valueRequired\":true,\"valueName\":\"search_term_string\"}}],\"inLanguage\":\"de\"}]}<\/script>\n<!-- \/ Yoast SEO plugin. -->","yoast_head_json":{"title":"Die Region und ihre Sehensw\u00fcrdigkeiten &#8211; Terre d&#039;Ardenne","description":"Im Herzen des Hohen Venn gelegen, erf\u00fcllt die Region alle W\u00fcnsche f\u00fcr Liebhaber von Entspannung und Spazierg\u00e4ngen. Die in n\u00e4chster N\u00e4he gelegenen Tourismuszentren wie Malmedy, Spa oder auch Monschau sind reich an Legenden und werden Sie mit ihren zahlreichen Aktivit\u00e4ten und Sehensw\u00fcrdigkeiten bestimmt verf\u00fchren.","robots":{"index":"index","follow":"follow","max-snippet":"max-snippet:-1","max-image-preview":"max-image-preview:large","max-video-preview":"max-video-preview:-1"},"canonical":"https:\/\/www.terredardenne.be\/de\/region\/","og_locale":"de_DE","og_type":"article","og_title":"Die Region und ihre Sehensw\u00fcrdigkeiten &#8211; Terre d&#039;Ardenne","og_description":"Im Herzen des Hohen Venn gelegen, erf\u00fcllt die Region alle W\u00fcnsche f\u00fcr Liebhaber von Entspannung und Spazierg\u00e4ngen. Die in n\u00e4chster N\u00e4he gelegenen Tourismuszentren wie Malmedy, Spa oder auch Monschau sind reich an Legenden und werden Sie mit ihren zahlreichen Aktivit\u00e4ten und Sehensw\u00fcrdigkeiten bestimmt verf\u00fchren.","og_url":"https:\/\/www.terredardenne.be\/de\/region\/","og_site_name":"Terre d&#039;Ardenne","article_modified_time":"2018-02-06T14:59:24+00:00","og_image":[{"width":1024,"height":683,"url":"https:\/\/www.terredardenne.be\/wp-content\/uploads\/2017\/10\/holzheim-velotour-03-c-eastbelgium.com-dominik-ketz-1024x683.jpg","type":"image\/jpeg"}],"twitter_card":"summary_large_image","schema":{"@context":"https:\/\/schema.org","@graph":[{"@type":"WebPage","@id":"https:\/\/www.terredardenne.be\/de\/region\/","url":"https:\/\/www.terredardenne.be\/de\/region\/","name":"Die Region und ihre Sehensw\u00fcrdigkeiten &#8211; Terre d&#039;Ardenne","isPartOf":{"@id":"https:\/\/www.terredardenne.be\/#website"},"primaryImageOfPage":{"@id":"https:\/\/www.terredardenne.be\/de\/region\/#primaryimage"},"image":{"@id":"https:\/\/www.terredardenne.be\/de\/region\/#primaryimage"},"thumbnailUrl":"https:\/\/www.terredardenne.be\/wp-content\/uploads\/2017\/10\/holzheim-velotour-03-c-eastbelgium.com-dominik-ketz.jpg","datePublished":"2017-10-17T08:53:13+00:00","dateModified":"2018-02-06T14:59:24+00:00","description":"Im Herzen des Hohen Venn gelegen, erf\u00fcllt die Region alle W\u00fcnsche f\u00fcr Liebhaber von Entspannung und Spazierg\u00e4ngen. Die in n\u00e4chster N\u00e4he gelegenen Tourismuszentren wie Malmedy, Spa oder auch Monschau sind reich an Legenden und werden Sie mit ihren zahlreichen Aktivit\u00e4ten und Sehensw\u00fcrdigkeiten bestimmt verf\u00fchren.","breadcrumb":{"@id":"https:\/\/www.terredardenne.be\/de\/region\/#breadcrumb"},"inLanguage":"de","potentialAction":[{"@type":"ReadAction","target":["https:\/\/www.terredardenne.be\/de\/region\/"]}]},{"@type":"ImageObject","inLanguage":"de","@id":"https:\/\/www.terredardenne.be\/de\/region\/#primaryimage","url":"https:\/\/www.terredardenne.be\/wp-content\/uploads\/2017\/10\/holzheim-velotour-03-c-eastbelgium.com-dominik-ketz.jpg","contentUrl":"https:\/\/www.terredardenne.be\/wp-content\/uploads\/2017\/10\/holzheim-velotour-03-c-eastbelgium.com-dominik-ketz.jpg","width":1920,"height":1281,"caption":"eastbelgium.com Dominik Ketz"},{"@type":"BreadcrumbList","@id":"https:\/\/www.terredardenne.be\/de\/region\/#breadcrumb","itemListElement":[{"@type":"ListItem","position":1,"name":"Accueil","item":"https:\/\/www.terredardenne.be\/de\/"},{"@type":"ListItem","position":2,"name":"Region"}]},{"@type":"WebSite","@id":"https:\/\/www.terredardenne.be\/#website","url":"https:\/\/www.terredardenne.be\/","name":"Terre d&#039;Ardenne","description":"G\u00eetes de luxe en Ardenne","potentialAction":[{"@type":"SearchAction","target":{"@type":"EntryPoint","urlTemplate":"https:\/\/www.terredardenne.be\/?s={search_term_string}"},"query-input":{"@type":"PropertyValueSpecification","valueRequired":true,"valueName":"search_term_string"}}],"inLanguage":"de"}]}},"_links":{"self":[{"href":"https:\/\/www.terredardenne.be\/de\/wp-json\/wp\/v2\/pages\/195","targetHints":{"allow":["GET"]}}],"collection":[{"href":"https:\/\/www.terredardenne.be\/de\/wp-json\/wp\/v2\/pages"}],"about":[{"href":"https:\/\/www.terredardenne.be\/de\/wp-json\/wp\/v2\/types\/page"}],"author":[{"embeddable":true,"href":"https:\/\/www.terredardenne.be\/de\/wp-json\/wp\/v2\/users\/7"}],"replies":[{"embeddable":true,"href":"https:\/\/www.terredardenne.be\/de\/wp-json\/wp\/v2\/comments?post=195"}],"version-history":[{"count":2,"href":"https:\/\/www.terredardenne.be\/de\/wp-json\/wp\/v2\/pages\/195\/revisions"}],"predecessor-version":[{"id":197,"href":"https:\/\/www.terredardenne.be\/de\/wp-json\/wp\/v2\/pages\/195\/revisions\/197"}],"wp:featuredmedia":[{"embeddable":true,"href":"https:\/\/www.terredardenne.be\/de\/wp-json\/wp\/v2\/media\/86"}],"wp:attachment":[{"href":"https:\/\/www.terredardenne.be\/de\/wp-json\/wp\/v2\/media?parent=195"}],"curies":[{"name":"wp","href":"https:\/\/api.w.org\/{rel}","templated":true}]}}