{"id":283,"date":"2017-10-20T11:06:52","date_gmt":"2017-10-20T09:06:52","guid":{"rendered":"http:\/\/www.terredardenne.be\/?page_id=283"},"modified":"2017-10-20T11:06:52","modified_gmt":"2017-10-20T09:06:52","slug":"allgemeine-geschaeftsbedingungen","status":"publish","type":"page","link":"https:\/\/www.terredardenne.be\/de\/allgemeine-geschaeftsbedingungen\/","title":{"rendered":"Allgemeine Gesch\u00e4ftsbedingungen"},"content":{"rendered":"<p><strong>Allgemeine Gesch\u00e4ftsbedingungen zu den Zahlungs- und Stornierungsmodalit\u00e4ten der Buchung. <\/strong><\/p>\n<p>Der Kunde ist verpflichtet, ab dem Moment der Buchung eine Anzahlung in H\u00f6he von 50 % des Gesamtpreises seines Aufenthaltes sowie der Reinigungskosten zu zahlen; der Restbetrag ist sp\u00e4testens 8 Wochen vor Beginn des Aufenthaltes zu begleichen. Wenn die Buchung weniger als 8 Wochen vor Aufenthaltsbeginn erfolgt, ist der Kunde verpflichtet, die gesamten Kosten f\u00fcr Aufenthalt und Reinigung nach der Buchungsbest\u00e4tigung durch den Vermieter zu bezahlen. Wenn die Buchung weniger als 21 Tage vor Aufenthaltsbeginn erfolgt und die Bezahlung per Bank\u00fcberweisung get\u00e4tigt wird, ist der Kunde verpflichtet, dem Vermieter einen g\u00fcltigen Zahlungsnachweis vorzulegen. Der Aufenthalt kann keinesfalls angetreten werden, falls der Kunde nicht den gesamten Betrag der Aufenthalts- und Reinigungskosten beglichen hat. Der Vermieter beh\u00e4lt sich das Recht vor, eine Buchung zu stornieren, wenn der Kunde 10 Tage nach Buchungsdatum seiner Zahlungspflicht nicht nachgekommen ist. Bez\u00fcglich der Kaution ist festzuhalten, dass der Gesamtbetrag sp\u00e4testens 10 Tage vor Aufenthaltsbeginn auf dem Konto des Vermieters eingegangen sein muss.<\/p>\n<p><strong>Im Fall einer Stornierung<\/strong> ist der Mieter verpflichtet, dem Vermieter eine Entsch\u00e4digung zu zahlen, deren H\u00f6he sich folgenderma\u00dfen ergibt: bei einer Stornierung zwischen dem Best\u00e4tigungsdatum der Buchung und 42 Tage vor Aufenthaltsbeginn: 50 % der Aufenthaltskosten. Im Falle einer Stornierung zwischen dem 42. Tag (einschlie\u00dflich) und dem 28. Tag (nicht eingeschlossen) vor Beginn des Aufenthalts: 70 % der Aufenthaltskosten. Im Fall einer Stornierung zwischen dem 28. Tag (einschlie\u00dflich) und dem 5. Tag (nicht eingeschlossen) vor Beginn des Aufenthalts: 90 % der Aufenthaltskosten. Wenn ab dem 5. Tag (einschlie\u00dflich) vor Beginn des Aufenthaltes oder sp\u00e4ter storniert wird: 100 % der Aufenthaltskosten.<\/p>\n","protected":false},"excerpt":{"rendered":"<p>Allgemeine Gesch\u00e4ftsbedingungen zu den Zahlungs- und Stornierungsmodalit\u00e4ten der Buchung. Der Kunde ist verpflichtet, ab dem Moment der Buchung eine Anzahlung in H\u00f6he von 50 % des Gesamtpreises seines Aufenthaltes sowie der Reinigungskosten zu zahlen; der Restbetrag ist sp\u00e4testens 8 Wochen vor Beginn des Aufenthaltes zu begleichen. Wenn die Buchung weniger als 8 Wochen vor Aufenthaltsbeginn [&hellip;]<\/p>\n","protected":false},"author":7,"featured_media":26,"parent":0,"menu_order":0,"comment_status":"closed","ping_status":"closed","template":"","meta":{"_acf_changed":false,"inline_featured_image":false,"_exactmetrics_skip_tracking":false,"_exactmetrics_sitenote_active":false,"_exactmetrics_sitenote_note":"","_exactmetrics_sitenote_category":0,"footnotes":""},"class_list":["post-283","page","type-page","status-publish","has-post-thumbnail","hentry"],"acf":[],"yoast_head":"<!-- This site is optimized with the Yoast SEO plugin v27.3 - https:\/\/yoast.com\/product\/yoast-seo-wordpress\/ -->\n<title>Allgemeine Gesch\u00e4ftsbedingungen &#8211; Terre d&#039;Ardenne<\/title>\n<meta name=\"robots\" content=\"index, follow, max-snippet:-1, max-image-preview:large, max-video-preview:-1\" \/>\n<link rel=\"canonical\" href=\"https:\/\/www.terredardenne.be\/de\/allgemeine-geschaeftsbedingungen\/\" \/>\n<meta property=\"og:locale\" content=\"de_DE\" \/>\n<meta property=\"og:type\" content=\"article\" \/>\n<meta property=\"og:title\" content=\"Allgemeine Gesch\u00e4ftsbedingungen &#8211; Terre d&#039;Ardenne\" \/>\n<meta property=\"og:description\" content=\"Allgemeine Gesch\u00e4ftsbedingungen zu den Zahlungs- und Stornierungsmodalit\u00e4ten der Buchung. Der Kunde ist verpflichtet, ab dem Moment der Buchung eine Anzahlung in H\u00f6he von 50 % des Gesamtpreises seines Aufenthaltes sowie der Reinigungskosten zu zahlen; der Restbetrag ist sp\u00e4testens 8 Wochen vor Beginn des Aufenthaltes zu begleichen. Wenn die Buchung weniger als 8 Wochen vor Aufenthaltsbeginn [&hellip;]\" \/>\n<meta property=\"og:url\" content=\"https:\/\/www.terredardenne.be\/de\/allgemeine-geschaeftsbedingungen\/\" \/>\n<meta property=\"og:site_name\" content=\"Terre d&#039;Ardenne\" \/>\n<meta property=\"og:image\" content=\"https:\/\/www.terredardenne.be\/wp-content\/uploads\/2017\/10\/IMG_0009.jpg\" \/>\n\t<meta property=\"og:image:width\" content=\"2667\" \/>\n\t<meta property=\"og:image:height\" content=\"2000\" \/>\n\t<meta property=\"og:image:type\" content=\"image\/jpeg\" \/>\n<meta name=\"twitter:card\" content=\"summary_large_image\" \/>\n<meta name=\"twitter:label1\" content=\"Gesch\u00e4tzte Lesezeit\" \/>\n\t<meta name=\"twitter:data1\" content=\"1\u00a0Minute\" \/>\n<script type=\"application\/ld+json\" class=\"yoast-schema-graph\">{\"@context\":\"https:\\\/\\\/schema.org\",\"@graph\":[{\"@type\":\"WebPage\",\"@id\":\"https:\\\/\\\/www.terredardenne.be\\\/de\\\/allgemeine-geschaeftsbedingungen\\\/\",\"url\":\"https:\\\/\\\/www.terredardenne.be\\\/de\\\/allgemeine-geschaeftsbedingungen\\\/\",\"name\":\"Allgemeine Gesch\u00e4ftsbedingungen &#8211; Terre d&#039;Ardenne\",\"isPartOf\":{\"@id\":\"https:\\\/\\\/www.terredardenne.be\\\/#website\"},\"primaryImageOfPage\":{\"@id\":\"https:\\\/\\\/www.terredardenne.be\\\/de\\\/allgemeine-geschaeftsbedingungen\\\/#primaryimage\"},\"image\":{\"@id\":\"https:\\\/\\\/www.terredardenne.be\\\/de\\\/allgemeine-geschaeftsbedingungen\\\/#primaryimage\"},\"thumbnailUrl\":\"https:\\\/\\\/www.terredardenne.be\\\/wp-content\\\/uploads\\\/2017\\\/10\\\/IMG_0009.jpg\",\"datePublished\":\"2017-10-20T09:06:52+00:00\",\"breadcrumb\":{\"@id\":\"https:\\\/\\\/www.terredardenne.be\\\/de\\\/allgemeine-geschaeftsbedingungen\\\/#breadcrumb\"},\"inLanguage\":\"de\",\"potentialAction\":[{\"@type\":\"ReadAction\",\"target\":[\"https:\\\/\\\/www.terredardenne.be\\\/de\\\/allgemeine-geschaeftsbedingungen\\\/\"]}]},{\"@type\":\"ImageObject\",\"inLanguage\":\"de\",\"@id\":\"https:\\\/\\\/www.terredardenne.be\\\/de\\\/allgemeine-geschaeftsbedingungen\\\/#primaryimage\",\"url\":\"https:\\\/\\\/www.terredardenne.be\\\/wp-content\\\/uploads\\\/2017\\\/10\\\/IMG_0009.jpg\",\"contentUrl\":\"https:\\\/\\\/www.terredardenne.be\\\/wp-content\\\/uploads\\\/2017\\\/10\\\/IMG_0009.jpg\",\"width\":2667,\"height\":2000},{\"@type\":\"BreadcrumbList\",\"@id\":\"https:\\\/\\\/www.terredardenne.be\\\/de\\\/allgemeine-geschaeftsbedingungen\\\/#breadcrumb\",\"itemListElement\":[{\"@type\":\"ListItem\",\"position\":1,\"name\":\"Accueil\",\"item\":\"https:\\\/\\\/www.terredardenne.be\\\/de\\\/\"},{\"@type\":\"ListItem\",\"position\":2,\"name\":\"Allgemeine Gesch\u00e4ftsbedingungen\"}]},{\"@type\":\"WebSite\",\"@id\":\"https:\\\/\\\/www.terredardenne.be\\\/#website\",\"url\":\"https:\\\/\\\/www.terredardenne.be\\\/\",\"name\":\"Terre d&#039;Ardenne\",\"description\":\"G\u00eetes de luxe en Ardenne\",\"potentialAction\":[{\"@type\":\"SearchAction\",\"target\":{\"@type\":\"EntryPoint\",\"urlTemplate\":\"https:\\\/\\\/www.terredardenne.be\\\/?s={search_term_string}\"},\"query-input\":{\"@type\":\"PropertyValueSpecification\",\"valueRequired\":true,\"valueName\":\"search_term_string\"}}],\"inLanguage\":\"de\"}]}<\/script>\n<!-- \/ Yoast SEO plugin. -->","yoast_head_json":{"title":"Allgemeine Gesch\u00e4ftsbedingungen &#8211; Terre d&#039;Ardenne","robots":{"index":"index","follow":"follow","max-snippet":"max-snippet:-1","max-image-preview":"max-image-preview:large","max-video-preview":"max-video-preview:-1"},"canonical":"https:\/\/www.terredardenne.be\/de\/allgemeine-geschaeftsbedingungen\/","og_locale":"de_DE","og_type":"article","og_title":"Allgemeine Gesch\u00e4ftsbedingungen &#8211; Terre d&#039;Ardenne","og_description":"Allgemeine Gesch\u00e4ftsbedingungen zu den Zahlungs- und Stornierungsmodalit\u00e4ten der Buchung. Der Kunde ist verpflichtet, ab dem Moment der Buchung eine Anzahlung in H\u00f6he von 50 % des Gesamtpreises seines Aufenthaltes sowie der Reinigungskosten zu zahlen; der Restbetrag ist sp\u00e4testens 8 Wochen vor Beginn des Aufenthaltes zu begleichen. Wenn die Buchung weniger als 8 Wochen vor Aufenthaltsbeginn [&hellip;]","og_url":"https:\/\/www.terredardenne.be\/de\/allgemeine-geschaeftsbedingungen\/","og_site_name":"Terre d&#039;Ardenne","og_image":[{"width":2667,"height":2000,"url":"https:\/\/www.terredardenne.be\/wp-content\/uploads\/2017\/10\/IMG_0009.jpg","type":"image\/jpeg"}],"twitter_card":"summary_large_image","twitter_misc":{"Gesch\u00e4tzte Lesezeit":"1\u00a0Minute"},"schema":{"@context":"https:\/\/schema.org","@graph":[{"@type":"WebPage","@id":"https:\/\/www.terredardenne.be\/de\/allgemeine-geschaeftsbedingungen\/","url":"https:\/\/www.terredardenne.be\/de\/allgemeine-geschaeftsbedingungen\/","name":"Allgemeine Gesch\u00e4ftsbedingungen &#8211; Terre d&#039;Ardenne","isPartOf":{"@id":"https:\/\/www.terredardenne.be\/#website"},"primaryImageOfPage":{"@id":"https:\/\/www.terredardenne.be\/de\/allgemeine-geschaeftsbedingungen\/#primaryimage"},"image":{"@id":"https:\/\/www.terredardenne.be\/de\/allgemeine-geschaeftsbedingungen\/#primaryimage"},"thumbnailUrl":"https:\/\/www.terredardenne.be\/wp-content\/uploads\/2017\/10\/IMG_0009.jpg","datePublished":"2017-10-20T09:06:52+00:00","breadcrumb":{"@id":"https:\/\/www.terredardenne.be\/de\/allgemeine-geschaeftsbedingungen\/#breadcrumb"},"inLanguage":"de","potentialAction":[{"@type":"ReadAction","target":["https:\/\/www.terredardenne.be\/de\/allgemeine-geschaeftsbedingungen\/"]}]},{"@type":"ImageObject","inLanguage":"de","@id":"https:\/\/www.terredardenne.be\/de\/allgemeine-geschaeftsbedingungen\/#primaryimage","url":"https:\/\/www.terredardenne.be\/wp-content\/uploads\/2017\/10\/IMG_0009.jpg","contentUrl":"https:\/\/www.terredardenne.be\/wp-content\/uploads\/2017\/10\/IMG_0009.jpg","width":2667,"height":2000},{"@type":"BreadcrumbList","@id":"https:\/\/www.terredardenne.be\/de\/allgemeine-geschaeftsbedingungen\/#breadcrumb","itemListElement":[{"@type":"ListItem","position":1,"name":"Accueil","item":"https:\/\/www.terredardenne.be\/de\/"},{"@type":"ListItem","position":2,"name":"Allgemeine Gesch\u00e4ftsbedingungen"}]},{"@type":"WebSite","@id":"https:\/\/www.terredardenne.be\/#website","url":"https:\/\/www.terredardenne.be\/","name":"Terre d&#039;Ardenne","description":"G\u00eetes de luxe en Ardenne","potentialAction":[{"@type":"SearchAction","target":{"@type":"EntryPoint","urlTemplate":"https:\/\/www.terredardenne.be\/?s={search_term_string}"},"query-input":{"@type":"PropertyValueSpecification","valueRequired":true,"valueName":"search_term_string"}}],"inLanguage":"de"}]}},"_links":{"self":[{"href":"https:\/\/www.terredardenne.be\/de\/wp-json\/wp\/v2\/pages\/283","targetHints":{"allow":["GET"]}}],"collection":[{"href":"https:\/\/www.terredardenne.be\/de\/wp-json\/wp\/v2\/pages"}],"about":[{"href":"https:\/\/www.terredardenne.be\/de\/wp-json\/wp\/v2\/types\/page"}],"author":[{"embeddable":true,"href":"https:\/\/www.terredardenne.be\/de\/wp-json\/wp\/v2\/users\/7"}],"replies":[{"embeddable":true,"href":"https:\/\/www.terredardenne.be\/de\/wp-json\/wp\/v2\/comments?post=283"}],"version-history":[{"count":1,"href":"https:\/\/www.terredardenne.be\/de\/wp-json\/wp\/v2\/pages\/283\/revisions"}],"predecessor-version":[{"id":284,"href":"https:\/\/www.terredardenne.be\/de\/wp-json\/wp\/v2\/pages\/283\/revisions\/284"}],"wp:featuredmedia":[{"embeddable":true,"href":"https:\/\/www.terredardenne.be\/de\/wp-json\/wp\/v2\/media\/26"}],"wp:attachment":[{"href":"https:\/\/www.terredardenne.be\/de\/wp-json\/wp\/v2\/media?parent=283"}],"curies":[{"name":"wp","href":"https:\/\/api.w.org\/{rel}","templated":true}]}}